{"id":583,"date":"2021-07-16T00:07:59","date_gmt":"2021-07-15T22:07:59","guid":{"rendered":"https:\/\/krisstal.com.pl\/en\/?page_id=583"},"modified":"2021-08-07T02:59:53","modified_gmt":"2021-08-07T00:59:53","slug":"certificates-and-patents","status":"publish","type":"page","link":"https:\/\/krisstal.com.pl\/en\/certificates-and-patents\/","title":{"rendered":"Certificates and patents"},"content":{"rendered":"\n<div class=\"wp-block-media-text alignwide is-stacked-on-mobile is-vertically-aligned-center\"><figure class=\"wp-block-media-text__media\"><img loading=\"lazy\" width=\"724\" height=\"1024\" src=\"https:\/\/krisstal.com.pl\/en\/wp-content\/uploads\/2021\/07\/CERTYFIKAT-2019-2020-1-724x1024.jpg\" alt=\"\" class=\"wp-image-598 size-large\" srcset=\"https:\/\/krisstal.com.pl\/en\/wp-content\/uploads\/2021\/07\/CERTYFIKAT-2019-2020-1-724x1024.jpg 724w, https:\/\/krisstal.com.pl\/en\/wp-content\/uploads\/2021\/07\/CERTYFIKAT-2019-2020-1-212x300.jpg 212w, https:\/\/krisstal.com.pl\/en\/wp-content\/uploads\/2021\/07\/CERTYFIKAT-2019-2020-1-768x1087.jpg 768w, https:\/\/krisstal.com.pl\/en\/wp-content\/uploads\/2021\/07\/CERTYFIKAT-2019-2020-1-424x600.jpg 424w, https:\/\/krisstal.com.pl\/en\/wp-content\/uploads\/2021\/07\/CERTYFIKAT-2019-2020-1-590x835.jpg 590w, https:\/\/krisstal.com.pl\/en\/wp-content\/uploads\/2021\/07\/CERTYFIKAT-2019-2020-1.jpg 793w\" sizes=\"(max-width: 724px) 100vw, 724px\" \/><\/figure><div class=\"wp-block-media-text__content\">\n<p class=\"has-normal-font-size\"><strong>The company has been using the System ISO: PN-EN ISO 9001:2015-10 since 2019\u00a0<\/strong><\/p>\n\n\n\n<p><a rel=\"noreferrer noopener\" href=\"https:\/\/krisstal.com.pl\/en\/wp-content\/uploads\/2021\/07\/CERTYFIKAT-2019-2020.pdf\" target=\"_blank\">[Download PDF]<\/a><\/p>\n<\/div><\/div>\n\n\n\n<hr class=\"wp-block-separator is-style-wide\"\/>\n\n\n\n<h6><strong>WE ALSO USE THE RIGHTS AND CERTIFICATES GRANTED BY THE CERTIFICATION BODY T\u00dcV RHEINLAND POLSKA INCLUDING:\u00a0<\/strong><\/h6>\n\n\n\n<div class=\"wp-block-media-text alignwide is-stacked-on-mobile is-vertically-aligned-center\"><figure class=\"wp-block-media-text__media\"><img loading=\"lazy\" width=\"724\" height=\"1024\" src=\"https:\/\/krisstal.com.pl\/en\/wp-content\/uploads\/2021\/07\/1_Zakladowa-kontrola-produkcji-3-724x1024.jpg\" alt=\"\" class=\"wp-image-586 size-large\" srcset=\"https:\/\/krisstal.com.pl\/en\/wp-content\/uploads\/2021\/07\/1_Zakladowa-kontrola-produkcji-3-724x1024.jpg 724w, https:\/\/krisstal.com.pl\/en\/wp-content\/uploads\/2021\/07\/1_Zakladowa-kontrola-produkcji-3-212x300.jpg 212w, https:\/\/krisstal.com.pl\/en\/wp-content\/uploads\/2021\/07\/1_Zakladowa-kontrola-produkcji-3-768x1087.jpg 768w, https:\/\/krisstal.com.pl\/en\/wp-content\/uploads\/2021\/07\/1_Zakladowa-kontrola-produkcji-3-424x600.jpg 424w, https:\/\/krisstal.com.pl\/en\/wp-content\/uploads\/2021\/07\/1_Zakladowa-kontrola-produkcji-3-590x835.jpg 590w, https:\/\/krisstal.com.pl\/en\/wp-content\/uploads\/2021\/07\/1_Zakladowa-kontrola-produkcji-3.jpg 793w\" sizes=\"(max-width: 724px) 100vw, 724px\" \/><\/figure><div class=\"wp-block-media-text__content\">\n<p class=\"has-normal-font-size\"><strong>Conformity of factory production control ZA.3.2, ZA.3.4 according to EN 1090-1:2009+A1:2011 Load-bearing elements and their assemblies made of steel up to class EXC2 according to EN 1090-2:2018 (applicable to load-bearing structures in all types of buildings) Certificate No. 2627-CPR-1090-1.PL0059.TUVRh.20.01<\/strong><\/p>\n\n\n\n<p><a rel=\"noreferrer noopener\" href=\"https:\/\/krisstal.com.pl\/en\/wp-content\/uploads\/2021\/07\/1_Zakladowa-kontrola-produkcji.pdf\" target=\"_blank\">[Download PDF]<\/a><\/p>\n<\/div><\/div>\n\n\n\n<div class=\"wp-block-media-text alignwide is-stacked-on-mobile is-vertically-aligned-center\"><figure class=\"wp-block-media-text__media\"><img loading=\"lazy\" width=\"724\" height=\"1024\" src=\"https:\/\/krisstal.com.pl\/en\/wp-content\/uploads\/2021\/07\/2_Certificate_Antosiak-Krzysztof-PHU-KRISSTAL_TMM_200011.00_PL-1-724x1024.jpg\" alt=\"\" class=\"wp-image-591 size-large\" srcset=\"https:\/\/krisstal.com.pl\/en\/wp-content\/uploads\/2021\/07\/2_Certificate_Antosiak-Krzysztof-PHU-KRISSTAL_TMM_200011.00_PL-1-724x1024.jpg 724w, https:\/\/krisstal.com.pl\/en\/wp-content\/uploads\/2021\/07\/2_Certificate_Antosiak-Krzysztof-PHU-KRISSTAL_TMM_200011.00_PL-1-212x300.jpg 212w, https:\/\/krisstal.com.pl\/en\/wp-content\/uploads\/2021\/07\/2_Certificate_Antosiak-Krzysztof-PHU-KRISSTAL_TMM_200011.00_PL-1-768x1087.jpg 768w, https:\/\/krisstal.com.pl\/en\/wp-content\/uploads\/2021\/07\/2_Certificate_Antosiak-Krzysztof-PHU-KRISSTAL_TMM_200011.00_PL-1-424x600.jpg 424w, https:\/\/krisstal.com.pl\/en\/wp-content\/uploads\/2021\/07\/2_Certificate_Antosiak-Krzysztof-PHU-KRISSTAL_TMM_200011.00_PL-1-590x835.jpg 590w, https:\/\/krisstal.com.pl\/en\/wp-content\/uploads\/2021\/07\/2_Certificate_Antosiak-Krzysztof-PHU-KRISSTAL_TMM_200011.00_PL-1.jpg 793w\" sizes=\"(max-width: 724px) 100vw, 724px\" \/><\/figure><div class=\"wp-block-media-text__content\">\n<p class=\"has-normal-font-size\"><strong>The system for transfer of material markings EN 764-5 &#8211; Transfer of metal material markings with control documents 2.1,2.2 and 3.1 according to EN 10204. Certificate No. 01 8610 EN\/U-200011.00<\/strong><\/p>\n\n\n\n<p><a rel=\"noreferrer noopener\" href=\"https:\/\/krisstal.com.pl\/en\/wp-content\/uploads\/2021\/07\/2_Certificate_Antosiak-Krzysztof-PHU-KRISSTAL_TMM_200011.00_PL.pdf\" target=\"_blank\">[Download PDF]<\/a><\/p>\n<\/div><\/div>\n\n\n\n<div class=\"wp-block-media-text alignwide is-stacked-on-mobile is-vertically-aligned-center\"><figure class=\"wp-block-media-text__media\"><img loading=\"lazy\" width=\"708\" height=\"1024\" src=\"https:\/\/krisstal.com.pl\/en\/wp-content\/uploads\/2021\/07\/3_Spawalnicze-swiadectwo-kwalifikacji-FPC_EN_PL-1-e1626388488365-708x1024.jpg\" alt=\"\" class=\"wp-image-594 size-large\" srcset=\"https:\/\/krisstal.com.pl\/en\/wp-content\/uploads\/2021\/07\/3_Spawalnicze-swiadectwo-kwalifikacji-FPC_EN_PL-1-e1626388488365-708x1024.jpg 708w, https:\/\/krisstal.com.pl\/en\/wp-content\/uploads\/2021\/07\/3_Spawalnicze-swiadectwo-kwalifikacji-FPC_EN_PL-1-e1626388488365-207x300.jpg 207w, https:\/\/krisstal.com.pl\/en\/wp-content\/uploads\/2021\/07\/3_Spawalnicze-swiadectwo-kwalifikacji-FPC_EN_PL-1-e1626388488365-768x1110.jpg 768w, https:\/\/krisstal.com.pl\/en\/wp-content\/uploads\/2021\/07\/3_Spawalnicze-swiadectwo-kwalifikacji-FPC_EN_PL-1-e1626388488365-415x600.jpg 415w, https:\/\/krisstal.com.pl\/en\/wp-content\/uploads\/2021\/07\/3_Spawalnicze-swiadectwo-kwalifikacji-FPC_EN_PL-1-e1626388488365-590x853.jpg 590w, https:\/\/krisstal.com.pl\/en\/wp-content\/uploads\/2021\/07\/3_Spawalnicze-swiadectwo-kwalifikacji-FPC_EN_PL-1-e1626388488365.jpg 776w\" sizes=\"(max-width: 708px) 100vw, 708px\" \/><\/figure><div class=\"wp-block-media-text__content\">\n<p class=\"has-normal-font-size\"><strong>Certificate of Welding Qualification EN 1090-2:2018 execution class EXC2 according to EN 1090-1:2009+A1:2006 covering welding processes 135- Welding with metal electrode in active gas shielding, MAG method, partially mechanical parts; 141 \u2013 Welding with tungsten electrode in inert gas shielding ; TIG method. Certificate No. 8610-1090-2.PL0047.TUVRh.20.01<\/strong><\/p>\n\n\n\n<p><a rel=\"noreferrer noopener\" href=\"https:\/\/krisstal.com.pl\/en\/wp-content\/uploads\/2021\/07\/3_Spawalnicze-swiadectwo-kwalifikacji-FPC_EN_PL.pdf\" target=\"_blank\">[Download PDF]<\/a><\/p>\n<\/div><\/div>\n\n\n\n<div class=\"wp-block-media-text alignwide is-stacked-on-mobile is-vertically-aligned-center\"><figure class=\"wp-block-media-text__media\"><img loading=\"lazy\" width=\"714\" height=\"1024\" src=\"https:\/\/krisstal.com.pl\/en\/wp-content\/uploads\/2021\/07\/5_Ocena-procesu-spawalniczego-_3834-1-e1626388174243-714x1024.jpg\" alt=\"\" class=\"wp-image-600 size-large\" srcset=\"https:\/\/krisstal.com.pl\/en\/wp-content\/uploads\/2021\/07\/5_Ocena-procesu-spawalniczego-_3834-1-e1626388174243-714x1024.jpg 714w, https:\/\/krisstal.com.pl\/en\/wp-content\/uploads\/2021\/07\/5_Ocena-procesu-spawalniczego-_3834-1-e1626388174243-209x300.jpg 209w, https:\/\/krisstal.com.pl\/en\/wp-content\/uploads\/2021\/07\/5_Ocena-procesu-spawalniczego-_3834-1-e1626388174243-768x1102.jpg 768w, https:\/\/krisstal.com.pl\/en\/wp-content\/uploads\/2021\/07\/5_Ocena-procesu-spawalniczego-_3834-1-e1626388174243-418x600.jpg 418w, https:\/\/krisstal.com.pl\/en\/wp-content\/uploads\/2021\/07\/5_Ocena-procesu-spawalniczego-_3834-1-e1626388174243-590x847.jpg 590w, https:\/\/krisstal.com.pl\/en\/wp-content\/uploads\/2021\/07\/5_Ocena-procesu-spawalniczego-_3834-1-e1626388174243.jpg 782w\" sizes=\"(max-width: 714px) 100vw, 714px\" \/><\/figure><div class=\"wp-block-media-text__content\">\n<p class=\"has-normal-font-size\"><strong>Welding process assessment EN ISO 3834-2:2015 (assessment of welding processes according to EN ISO 3834-2) \u2013 Certificate No. 01 8610 PL\/A-200060.00<\/strong><\/p>\n\n\n\n<p><a rel=\"noreferrer noopener\" href=\"https:\/\/krisstal.com.pl\/en\/wp-content\/uploads\/2021\/07\/5_Ocena-procesu-spawalniczego-_3834.pdf\" target=\"_blank\">[Download PDF]<\/a><\/p>\n<\/div><\/div>\n\n\n\n<hr class=\"wp-block-separator is-style-wide\"\/>\n\n\n\n<h6>BY IMPLEMENTING THE PROJECTS, THE COMPANY HAS LAUNCHED THE PRODUCTION OF TECHNOLOGICAL LINES, MACHINES AND DEVICES, INNOVATIVE ON A NATIONAL AND GLOBAL SCALE.<\/h6>\n\n\n\n<p>Products processed on the line of our authorship have higher bio-physical-chemical parameters. Their health qualities, storage life, color, flavor, aroma and texture are improved. The risk of pathogenic microorganisms has been reduced almost to zero thanks to the hygiene systems used. The implemented projects are sold all over the world, and the support from the European Union has allowed investments in the research and development department, where work continues on the creation of further innovative solutions for the food, chemical and pharmaceutical industries. These activities are confirmed by documents obtained from the Patent Office of the Republic of Poland.\u00a0<\/p>\n\n\n\n<div class=\"wp-block-media-text alignwide is-stacked-on-mobile is-vertically-aligned-center\"><figure class=\"wp-block-media-text__media\"><img loading=\"lazy\" width=\"713\" height=\"1024\" src=\"https:\/\/krisstal.com.pl\/en\/wp-content\/uploads\/2021\/07\/Pasteryzacja-1-e1626388162834-713x1024.jpg\" alt=\"\" class=\"wp-image-605 size-large\" srcset=\"https:\/\/krisstal.com.pl\/en\/wp-content\/uploads\/2021\/07\/Pasteryzacja-1-e1626388162834-713x1024.jpg 713w, https:\/\/krisstal.com.pl\/en\/wp-content\/uploads\/2021\/07\/Pasteryzacja-1-e1626388162834-209x300.jpg 209w, https:\/\/krisstal.com.pl\/en\/wp-content\/uploads\/2021\/07\/Pasteryzacja-1-e1626388162834-768x1102.jpg 768w, https:\/\/krisstal.com.pl\/en\/wp-content\/uploads\/2021\/07\/Pasteryzacja-1-e1626388162834-418x600.jpg 418w, https:\/\/krisstal.com.pl\/en\/wp-content\/uploads\/2021\/07\/Pasteryzacja-1-e1626388162834-590x847.jpg 590w, https:\/\/krisstal.com.pl\/en\/wp-content\/uploads\/2021\/07\/Pasteryzacja-1-e1626388162834.jpg 781w\" sizes=\"(max-width: 713px) 100vw, 713px\" \/><\/figure><div class=\"wp-block-media-text__content\">\n<p class=\"has-normal-font-size\"><strong>Patent document for the invention entitled:<\/strong> \u201cSystem for pasteurization of semi-mass food products\u201d (in Polish: Uk\u0142ad do pasteryzacji produkt\u00f3w spo\u017cywczych p\u00f3\u0142masowych)<\/p>\n\n\n\n<p><a rel=\"noreferrer noopener\" href=\"https:\/\/krisstal.com.pl\/en\/wp-content\/uploads\/2021\/07\/Pasteryzacja.pdf\" target=\"_blank\">[Download PDF]<\/a><\/p>\n<\/div><\/div>\n\n\n\n<div class=\"wp-block-media-text alignwide is-stacked-on-mobile is-vertically-aligned-center\"><figure class=\"wp-block-media-text__media\"><img loading=\"lazy\" width=\"709\" height=\"1024\" src=\"https:\/\/krisstal.com.pl\/en\/wp-content\/uploads\/2021\/07\/Rozladunek-1-e1626388149917-709x1024.jpg\" alt=\"\" class=\"wp-image-607 size-large\" srcset=\"https:\/\/krisstal.com.pl\/en\/wp-content\/uploads\/2021\/07\/Rozladunek-1-e1626388149917-709x1024.jpg 709w, https:\/\/krisstal.com.pl\/en\/wp-content\/uploads\/2021\/07\/Rozladunek-1-e1626388149917-208x300.jpg 208w, https:\/\/krisstal.com.pl\/en\/wp-content\/uploads\/2021\/07\/Rozladunek-1-e1626388149917-768x1109.jpg 768w, https:\/\/krisstal.com.pl\/en\/wp-content\/uploads\/2021\/07\/Rozladunek-1-e1626388149917-415x600.jpg 415w, https:\/\/krisstal.com.pl\/en\/wp-content\/uploads\/2021\/07\/Rozladunek-1-e1626388149917-590x852.jpg 590w, https:\/\/krisstal.com.pl\/en\/wp-content\/uploads\/2021\/07\/Rozladunek-1-e1626388149917.jpg 776w\" sizes=\"(max-width: 709px) 100vw, 709px\" \/><\/figure><div class=\"wp-block-media-text__content\">\n<p class=\"has-normal-font-size\"><strong>Patent document for the utility model entitled<\/strong> \u201cDevice for unloading semi-mass products\u201d (in Polish: Urz\u0105dzenie do roz\u0142adunku produkt\u00f3w p\u00f3\u0142masowych)<\/p>\n\n\n\n<p><a rel=\"noreferrer noopener\" href=\"https:\/\/krisstal.com.pl\/en\/wp-content\/uploads\/2021\/07\/Rozladunek.pdf\" target=\"_blank\">[Download PDF]<\/a><\/p>\n<\/div><\/div>\n\n\n\n<p><\/p>\n","protected":false},"excerpt":{"rendered":"<p>The company has been using the System ISO: PN-EN ISO 9001:2015-10 since 2019\u00a0 [Download PDF] WE ALSO USE THE RIGHTS AND CERTIFICATES GRANTED BY THE CERTIFICATION BODY T\u00dcV RHEINLAND POLSKA INCLUDING:\u00a0 Conformity of factory production control ZA.3.2, ZA.3.4 according to EN 1090-1:2009+A1:2011 Load-bearing elements and their assemblies made of steel up to class EXC2 according to EN 1090-2:2018 (applicable to load-bearing structures in all types of buildings) Certificate No. 2627-CPR-1090-1.PL0059.TUVRh.20.01 [Download PDF] The system for transfer of material markings EN 764-5 &#8211; Transfer of metal material markings with control documents 2.1,2.2 and 3.1 according to EN 10204. Certificate No. 01 8610 EN\/U-200011.00 [Download PDF] Certificate of Welding Qualification EN 1090-2:2018 execution class EXC2 according to EN 1090-1:2009+A1:2006 covering welding processes 135- Welding with metal electrode in active gas shielding, MAG method, partially mechanical parts; 141 \u2013 Welding with tungsten electrode in inert gas shielding ; TIG method. Certificate No. 8610-1090-2.PL0047.TUVRh.20.01 [Download PDF] Welding process assessment EN ISO 3834-2:2015 (assessment of welding processes according to EN ISO 3834-2) \u2013 Certificate No. 01 8610 PL\/A-200060.00 [Download PDF] BY IMPLEMENTING THE PROJECTS, THE COMPANY HAS LAUNCHED THE PRODUCTION OF TECHNOLOGICAL LINES, MACHINES AND DEVICES, INNOVATIVE ON A NATIONAL AND GLOBAL SCALE. Products processed on the line of our authorship have higher bio-physical-chemical parameters. Their health qualities, storage life, color, flavor, aroma and texture are improved. The risk of pathogenic microorganisms has been reduced almost to zero thanks to the hygiene systems used. The implemented projects are sold all over the world, and the support from the European Union has allowed investments in the research and development department, where work continues on the creation of further innovative solutions for the food, chemical and pharmaceutical industries. These activities are confirmed by documents obtained from the Patent Office of the Republic of Poland.\u00a0 Patent document for the invention entitled: \u201cSystem for pasteurization of semi-mass food products\u201d (in Polish: Uk\u0142ad do pasteryzacji produkt\u00f3w spo\u017cywczych p\u00f3\u0142masowych) [Download PDF] Patent document for the utility model entitled \u201cDevice for unloading semi-mass products\u201d (in Polish: Urz\u0105dzenie do roz\u0142adunku produkt\u00f3w p\u00f3\u0142masowych) [Download PDF]<\/p>\n","protected":false},"author":1,"featured_media":0,"parent":0,"menu_order":0,"comment_status":"closed","ping_status":"closed","template":"","meta":{"_exactmetrics_skip_tracking":false,"_exactmetrics_sitenote_active":false,"_exactmetrics_sitenote_note":"","_exactmetrics_sitenote_category":0},"_links":{"self":[{"href":"https:\/\/krisstal.com.pl\/en\/wp-json\/wp\/v2\/pages\/583"}],"collection":[{"href":"https:\/\/krisstal.com.pl\/en\/wp-json\/wp\/v2\/pages"}],"about":[{"href":"https:\/\/krisstal.com.pl\/en\/wp-json\/wp\/v2\/types\/page"}],"author":[{"embeddable":true,"href":"https:\/\/krisstal.com.pl\/en\/wp-json\/wp\/v2\/users\/1"}],"replies":[{"embeddable":true,"href":"https:\/\/krisstal.com.pl\/en\/wp-json\/wp\/v2\/comments?post=583"}],"version-history":[{"count":19,"href":"https:\/\/krisstal.com.pl\/en\/wp-json\/wp\/v2\/pages\/583\/revisions"}],"predecessor-version":[{"id":637,"href":"https:\/\/krisstal.com.pl\/en\/wp-json\/wp\/v2\/pages\/583\/revisions\/637"}],"wp:attachment":[{"href":"https:\/\/krisstal.com.pl\/en\/wp-json\/wp\/v2\/media?parent=583"}],"curies":[{"name":"wp","href":"https:\/\/api.w.org\/{rel}","templated":true}]}}