{"id":583,"date":"2021-07-16T00:07:59","date_gmt":"2021-07-15T22:07:59","guid":{"rendered":"https:\/\/krisstal.com.pl\/?page_id=583"},"modified":"2021-09-20T12:10:48","modified_gmt":"2021-09-20T10:10:48","slug":"zertifikate-und-patente","status":"publish","type":"page","link":"https:\/\/krisstal.com.pl\/de\/zertifikate-und-patente\/","title":{"rendered":"Zertifikate und Patente"},"content":{"rendered":"\n<div class=\"wp-block-media-text alignwide is-stacked-on-mobile is-vertically-aligned-center\"><figure class=\"wp-block-media-text__media\"><img loading=\"lazy\" width=\"724\" height=\"1024\" src=\"https:\/\/krisstal.com.pl\/wp-content\/uploads\/2021\/07\/CERTYFIKAT-2019-2020-1-724x1024.jpg\" alt=\"\" class=\"wp-image-598 size-large\" srcset=\"https:\/\/krisstal.com.pl\/de\/wp-content\/uploads\/2021\/07\/CERTYFIKAT-2019-2020-1-724x1024.jpg 724w, https:\/\/krisstal.com.pl\/de\/wp-content\/uploads\/2021\/07\/CERTYFIKAT-2019-2020-1-212x300.jpg 212w, https:\/\/krisstal.com.pl\/de\/wp-content\/uploads\/2021\/07\/CERTYFIKAT-2019-2020-1-768x1087.jpg 768w, https:\/\/krisstal.com.pl\/de\/wp-content\/uploads\/2021\/07\/CERTYFIKAT-2019-2020-1-424x600.jpg 424w, https:\/\/krisstal.com.pl\/de\/wp-content\/uploads\/2021\/07\/CERTYFIKAT-2019-2020-1-590x835.jpg 590w, https:\/\/krisstal.com.pl\/de\/wp-content\/uploads\/2021\/07\/CERTYFIKAT-2019-2020-1.jpg 793w\" sizes=\"(max-width: 724px) 100vw, 724px\" \/><\/figure><div class=\"wp-block-media-text__content\">\n<p class=\"has-normal-font-size\"><strong>Das Unternehmen arbeitet seit 2019 mit dem ISO-System:<\/strong><br><strong>PN-EN ISO 9001:2015-10\u00a0<\/strong><\/p>\n\n\n\n<p><a rel=\"noreferrer noopener\" href=\"https:\/\/krisstal.com.pl\/wp-content\/uploads\/2021\/07\/CERTYFIKAT-2019-2020.pdf\" target=\"_blank\">[PDF Herunterladen]<\/a><\/p>\n<\/div><\/div>\n\n\n\n<hr class=\"wp-block-separator is-style-wide\"\/>\n\n\n\n<h6><strong>WIR NUTZEN AUCH DIE VON DER ZERTIFIZIERUNGSSTELLE T\u00dcV RHEINLAND POLSKA ERTEILTEN RECHTE UND ZERTIFIKATE, DARUNTER:\u00a0<\/strong><\/h6>\n\n\n\n<div class=\"wp-block-media-text alignwide is-stacked-on-mobile is-vertically-aligned-center\"><figure class=\"wp-block-media-text__media\"><img loading=\"lazy\" width=\"724\" height=\"1024\" src=\"https:\/\/krisstal.com.pl\/wp-content\/uploads\/2021\/07\/1_Zakladowa-kontrola-produkcji-3-724x1024.jpg\" alt=\"\" class=\"wp-image-586 size-large\" srcset=\"https:\/\/krisstal.com.pl\/de\/wp-content\/uploads\/2021\/07\/1_Zakladowa-kontrola-produkcji-3-724x1024.jpg 724w, https:\/\/krisstal.com.pl\/de\/wp-content\/uploads\/2021\/07\/1_Zakladowa-kontrola-produkcji-3-212x300.jpg 212w, https:\/\/krisstal.com.pl\/de\/wp-content\/uploads\/2021\/07\/1_Zakladowa-kontrola-produkcji-3-768x1087.jpg 768w, https:\/\/krisstal.com.pl\/de\/wp-content\/uploads\/2021\/07\/1_Zakladowa-kontrola-produkcji-3-424x600.jpg 424w, https:\/\/krisstal.com.pl\/de\/wp-content\/uploads\/2021\/07\/1_Zakladowa-kontrola-produkcji-3-590x835.jpg 590w, https:\/\/krisstal.com.pl\/de\/wp-content\/uploads\/2021\/07\/1_Zakladowa-kontrola-produkcji-3.jpg 793w\" sizes=\"(max-width: 724px) 100vw, 724px\" \/><\/figure><div class=\"wp-block-media-text__content\">\n<p class=\"has-normal-font-size\"><strong>Konformit\u00e4t der werkseigenen Produktionskontrolle ZA.3.2, ZA.3.4 nach EN 1090-1:2009+A1:2011 Tragende Elemente und ihre Baugruppen aus Stahl bis zur Klasse EXC2 nach EN 1090-2:2018 (anwendbar auf tragende Strukturen in allen Arten von Geb\u00e4uden) Zertifikat Nr. 2627-CPR-1090-1.PL0059.TUVRh.20.01<\/strong><\/p>\n\n\n\n<p><a rel=\"noreferrer noopener\" href=\"https:\/\/krisstal.com.pl\/wp-content\/uploads\/2021\/07\/1_Zakladowa-kontrola-produkcji.pdf\" target=\"_blank\">[PDF Herunterladen]<\/a><\/p>\n<\/div><\/div>\n\n\n\n<div class=\"wp-block-media-text alignwide is-stacked-on-mobile is-vertically-aligned-center\"><figure class=\"wp-block-media-text__media\"><img loading=\"lazy\" width=\"724\" height=\"1024\" src=\"https:\/\/krisstal.com.pl\/wp-content\/uploads\/2021\/07\/2_Certificate_Antosiak-Krzysztof-PHU-KRISSTAL_TMM_200011.00_PL-1-724x1024.jpg\" alt=\"\" class=\"wp-image-591 size-large\" srcset=\"https:\/\/krisstal.com.pl\/de\/wp-content\/uploads\/2021\/07\/2_Certificate_Antosiak-Krzysztof-PHU-KRISSTAL_TMM_200011.00_PL-1-724x1024.jpg 724w, https:\/\/krisstal.com.pl\/de\/wp-content\/uploads\/2021\/07\/2_Certificate_Antosiak-Krzysztof-PHU-KRISSTAL_TMM_200011.00_PL-1-212x300.jpg 212w, https:\/\/krisstal.com.pl\/de\/wp-content\/uploads\/2021\/07\/2_Certificate_Antosiak-Krzysztof-PHU-KRISSTAL_TMM_200011.00_PL-1-768x1087.jpg 768w, https:\/\/krisstal.com.pl\/de\/wp-content\/uploads\/2021\/07\/2_Certificate_Antosiak-Krzysztof-PHU-KRISSTAL_TMM_200011.00_PL-1-424x600.jpg 424w, https:\/\/krisstal.com.pl\/de\/wp-content\/uploads\/2021\/07\/2_Certificate_Antosiak-Krzysztof-PHU-KRISSTAL_TMM_200011.00_PL-1-590x835.jpg 590w, https:\/\/krisstal.com.pl\/de\/wp-content\/uploads\/2021\/07\/2_Certificate_Antosiak-Krzysztof-PHU-KRISSTAL_TMM_200011.00_PL-1.jpg 793w\" sizes=\"(max-width: 724px) 100vw, 724px\" \/><\/figure><div class=\"wp-block-media-text__content\">\n<p class=\"has-normal-font-size\"><strong>Materialflusssystem EN 764-5 &#8211; \u00dcbertragung von metallischen Werkstoffkennzeichnungen mit Kontrolldokumenten 2.1, 2.2 und 3.1 nach EN 10204. Zertifikat Nr. 01 8610 DE\/U-200011.00<\/strong><\/p>\n\n\n\n<p><a rel=\"noreferrer noopener\" href=\"https:\/\/krisstal.com.pl\/wp-content\/uploads\/2021\/07\/2_Certificate_Antosiak-Krzysztof-PHU-KRISSTAL_TMM_200011.00_PL.pdf\" target=\"_blank\">[PDF Herunterladen]<\/a><\/p>\n<\/div><\/div>\n\n\n\n<div class=\"wp-block-media-text alignwide is-stacked-on-mobile is-vertically-aligned-center\"><figure class=\"wp-block-media-text__media\"><img loading=\"lazy\" width=\"708\" height=\"1024\" src=\"https:\/\/krisstal.com.pl\/wp-content\/uploads\/2021\/07\/3_Spawalnicze-swiadectwo-kwalifikacji-FPC_EN_PL-1-e1626388488365-708x1024.jpg\" alt=\"\" class=\"wp-image-594 size-large\" srcset=\"https:\/\/krisstal.com.pl\/de\/wp-content\/uploads\/2021\/07\/3_Spawalnicze-swiadectwo-kwalifikacji-FPC_EN_PL-1-e1626388488365-708x1024.jpg 708w, https:\/\/krisstal.com.pl\/de\/wp-content\/uploads\/2021\/07\/3_Spawalnicze-swiadectwo-kwalifikacji-FPC_EN_PL-1-e1626388488365-207x300.jpg 207w, https:\/\/krisstal.com.pl\/de\/wp-content\/uploads\/2021\/07\/3_Spawalnicze-swiadectwo-kwalifikacji-FPC_EN_PL-1-e1626388488365-768x1110.jpg 768w, https:\/\/krisstal.com.pl\/de\/wp-content\/uploads\/2021\/07\/3_Spawalnicze-swiadectwo-kwalifikacji-FPC_EN_PL-1-e1626388488365-415x600.jpg 415w, https:\/\/krisstal.com.pl\/de\/wp-content\/uploads\/2021\/07\/3_Spawalnicze-swiadectwo-kwalifikacji-FPC_EN_PL-1-e1626388488365-590x853.jpg 590w, https:\/\/krisstal.com.pl\/de\/wp-content\/uploads\/2021\/07\/3_Spawalnicze-swiadectwo-kwalifikacji-FPC_EN_PL-1-e1626388488365.jpg 776w\" sizes=\"(max-width: 708px) 100vw, 708px\" \/><\/figure><div class=\"wp-block-media-text__content\">\n<p class=\"has-normal-font-size\"><strong>Schwei\u00dfnachweis EN 1090-2:2018 Ausf\u00fchrungsklasse EXC2 nach EN 1090-1:2009+A1:2006 f\u00fcr die Schwei\u00dfverfahren 135 &#8211; Metallelektrodenschwei\u00dfen mit Schutzgas, MAG-Verfahren, teilmechanisierte Teile; 141 &#8211; Wolframelektrodenschwei\u00dfen mit Schutzgas, WIG-Verfahren. Zertifikat Nr. 8610-1090-2.PL0047.TUVRh.20.01<\/strong><\/p>\n\n\n\n<p><a rel=\"noreferrer noopener\" href=\"https:\/\/krisstal.com.pl\/wp-content\/uploads\/2021\/07\/3_Spawalnicze-swiadectwo-kwalifikacji-FPC_EN_PL.pdf\" target=\"_blank\">[PDF Herunterladen]<\/a><\/p>\n<\/div><\/div>\n\n\n\n<div class=\"wp-block-media-text alignwide is-stacked-on-mobile is-vertically-aligned-center\"><figure class=\"wp-block-media-text__media\"><img loading=\"lazy\" width=\"714\" height=\"1024\" src=\"https:\/\/krisstal.com.pl\/wp-content\/uploads\/2021\/07\/5_Ocena-procesu-spawalniczego-_3834-1-e1626388174243-714x1024.jpg\" alt=\"\" class=\"wp-image-600 size-large\" srcset=\"https:\/\/krisstal.com.pl\/de\/wp-content\/uploads\/2021\/07\/5_Ocena-procesu-spawalniczego-_3834-1-e1626388174243-714x1024.jpg 714w, https:\/\/krisstal.com.pl\/de\/wp-content\/uploads\/2021\/07\/5_Ocena-procesu-spawalniczego-_3834-1-e1626388174243-209x300.jpg 209w, https:\/\/krisstal.com.pl\/de\/wp-content\/uploads\/2021\/07\/5_Ocena-procesu-spawalniczego-_3834-1-e1626388174243-768x1102.jpg 768w, https:\/\/krisstal.com.pl\/de\/wp-content\/uploads\/2021\/07\/5_Ocena-procesu-spawalniczego-_3834-1-e1626388174243-418x600.jpg 418w, https:\/\/krisstal.com.pl\/de\/wp-content\/uploads\/2021\/07\/5_Ocena-procesu-spawalniczego-_3834-1-e1626388174243-590x847.jpg 590w, https:\/\/krisstal.com.pl\/de\/wp-content\/uploads\/2021\/07\/5_Ocena-procesu-spawalniczego-_3834-1-e1626388174243.jpg 782w\" sizes=\"(max-width: 714px) 100vw, 714px\" \/><\/figure><div class=\"wp-block-media-text__content\">\n<p class=\"has-normal-font-size\"><strong>EN ISO 3834-2:2015 Schwei\u00dfprozessbewertung (Bewertung von Schwei\u00dfprozessen nach EN ISO 3834-2) &#8211; Zertifikat Nr. 01 8610 PL\/A-200060.00<\/strong><\/p>\n\n\n\n<p><a rel=\"noreferrer noopener\" href=\"https:\/\/krisstal.com.pl\/wp-content\/uploads\/2021\/07\/5_Ocena-procesu-spawalniczego-_3834.pdf\" target=\"_blank\">[PDF Herunterladen]<\/a><\/p>\n<\/div><\/div>\n\n\n\n<hr class=\"wp-block-separator is-style-wide\"\/>\n\n\n\n<h6>DURCH DIE UMSETZUNG DER PROJEKTE HAT DAS UNTERNEHMEN DIE PRODUKTION VON TECHNOLOGISCHEN ANLAGEN, MASCHINEN UND GER\u00c4TEN AUF DEN WEG GEBRACHT, DIE AUF NATIONALER UND GLOBALER EBENE INNOVATIV SIND.<\/h6>\n\n\n\n<p>Die in unserer Linie verarbeiteten Produkte haben h\u00f6here biophysikalisch-chemische Parameter. Ihre gesundheitlichen Eigenschaften, ihre Haltbarkeit, ihre Farbe, ihr Geschmack, ihr Geruch und ihre Beschaffenheit werden verbessert. Das Risiko von pathogenen Mikroorganismen wurde dank der verwendeten Hygienesysteme fast auf Null reduziert. Die eingeleiteten Entwicklungen werden weltweit vertrieben und die Unterst\u00fctzung der Europ\u00e4ischen Union erm\u00f6glichte Investitionen in die Forschungs- und Entwicklungsabteilung, in der an der Entwicklung weiterer innovativer L\u00f6sungen f\u00fcr die Lebensmittel-, Chemie- und Pharmaindustrie gearbeitet wird. Die Best\u00e4tigung f\u00fcr diese Aktivit\u00e4ten sind Dokumente, die vom Patentamt der Republik Polen erhalten wurden.\u00a0<\/p>\n\n\n\n<div class=\"wp-block-media-text alignwide is-stacked-on-mobile is-vertically-aligned-center\"><figure class=\"wp-block-media-text__media\"><img loading=\"lazy\" width=\"713\" height=\"1024\" src=\"https:\/\/krisstal.com.pl\/wp-content\/uploads\/2021\/07\/Pasteryzacja-1-e1626388162834-713x1024.jpg\" alt=\"\" class=\"wp-image-605 size-large\" srcset=\"https:\/\/krisstal.com.pl\/de\/wp-content\/uploads\/2021\/07\/Pasteryzacja-1-e1626388162834-713x1024.jpg 713w, https:\/\/krisstal.com.pl\/de\/wp-content\/uploads\/2021\/07\/Pasteryzacja-1-e1626388162834-209x300.jpg 209w, https:\/\/krisstal.com.pl\/de\/wp-content\/uploads\/2021\/07\/Pasteryzacja-1-e1626388162834-768x1102.jpg 768w, https:\/\/krisstal.com.pl\/de\/wp-content\/uploads\/2021\/07\/Pasteryzacja-1-e1626388162834-418x600.jpg 418w, https:\/\/krisstal.com.pl\/de\/wp-content\/uploads\/2021\/07\/Pasteryzacja-1-e1626388162834-590x847.jpg 590w, https:\/\/krisstal.com.pl\/de\/wp-content\/uploads\/2021\/07\/Pasteryzacja-1-e1626388162834.jpg 781w\" sizes=\"(max-width: 713px) 100vw, 713px\" \/><\/figure><div class=\"wp-block-media-text__content\">\n<p class=\"has-normal-font-size\"><strong>Patentschrift f\u00fcr die Erfindung mit dem Titel &#8222;System f\u00fcr die Pasteurisierung von Halbmassenlebensmitteln&#8220;<\/strong><\/p>\n\n\n\n<p><a rel=\"noreferrer noopener\" href=\"https:\/\/krisstal.com.pl\/wp-content\/uploads\/2021\/07\/Pasteryzacja.pdf\" target=\"_blank\">[PDF Herunterladen]<\/a><\/p>\n<\/div><\/div>\n\n\n\n<div class=\"wp-block-media-text alignwide is-stacked-on-mobile is-vertically-aligned-center\"><figure class=\"wp-block-media-text__media\"><img loading=\"lazy\" width=\"709\" height=\"1024\" src=\"https:\/\/krisstal.com.pl\/wp-content\/uploads\/2021\/07\/Rozladunek-1-e1626388149917-709x1024.jpg\" alt=\"\" class=\"wp-image-607 size-large\" srcset=\"https:\/\/krisstal.com.pl\/de\/wp-content\/uploads\/2021\/07\/Rozladunek-1-e1626388149917-709x1024.jpg 709w, https:\/\/krisstal.com.pl\/de\/wp-content\/uploads\/2021\/07\/Rozladunek-1-e1626388149917-208x300.jpg 208w, https:\/\/krisstal.com.pl\/de\/wp-content\/uploads\/2021\/07\/Rozladunek-1-e1626388149917-768x1109.jpg 768w, https:\/\/krisstal.com.pl\/de\/wp-content\/uploads\/2021\/07\/Rozladunek-1-e1626388149917-415x600.jpg 415w, https:\/\/krisstal.com.pl\/de\/wp-content\/uploads\/2021\/07\/Rozladunek-1-e1626388149917-590x852.jpg 590w, https:\/\/krisstal.com.pl\/de\/wp-content\/uploads\/2021\/07\/Rozladunek-1-e1626388149917.jpg 776w\" sizes=\"(max-width: 709px) 100vw, 709px\" \/><\/figure><div class=\"wp-block-media-text__content\">\n<p class=\"has-normal-font-size\"><strong>Gebrauchsmuster-Patentdokument mit dem Titel &#8222;Einrichtung zum Entladen von Halbmassenprodukten&#8220;<\/strong><\/p>\n\n\n\n<p><a rel=\"noreferrer noopener\" href=\"https:\/\/krisstal.com.pl\/wp-content\/uploads\/2021\/07\/Rozladunek.pdf\" target=\"_blank\">[PDF Herunterladen]<\/a><\/p>\n<\/div><\/div>\n","protected":false},"excerpt":{"rendered":"<p>Das Unternehmen arbeitet seit 2019 mit dem ISO-System:PN-EN ISO 9001:2015-10\u00a0 [PDF Herunterladen] WIR NUTZEN AUCH DIE VON DER ZERTIFIZIERUNGSSTELLE T\u00dcV RHEINLAND POLSKA ERTEILTEN RECHTE UND ZERTIFIKATE, DARUNTER:\u00a0 Konformit\u00e4t der werkseigenen Produktionskontrolle ZA.3.2, ZA.3.4 nach EN 1090-1:2009+A1:2011 Tragende Elemente und ihre Baugruppen aus Stahl bis zur Klasse EXC2 nach EN 1090-2:2018 (anwendbar auf tragende Strukturen in allen Arten von Geb\u00e4uden) Zertifikat Nr. 2627-CPR-1090-1.PL0059.TUVRh.20.01 [PDF Herunterladen] Materialflusssystem EN 764-5 &#8211; \u00dcbertragung von metallischen Werkstoffkennzeichnungen mit Kontrolldokumenten 2.1, 2.2 und 3.1 nach EN 10204. Zertifikat Nr. 01 8610 DE\/U-200011.00 [PDF Herunterladen] Schwei\u00dfnachweis EN 1090-2:2018 Ausf\u00fchrungsklasse EXC2 nach EN 1090-1:2009+A1:2006 f\u00fcr die Schwei\u00dfverfahren 135 &#8211; Metallelektrodenschwei\u00dfen mit Schutzgas, MAG-Verfahren, teilmechanisierte Teile; 141 &#8211; Wolframelektrodenschwei\u00dfen mit Schutzgas, WIG-Verfahren. Zertifikat Nr. 8610-1090-2.PL0047.TUVRh.20.01 [PDF Herunterladen] EN ISO 3834-2:2015 Schwei\u00dfprozessbewertung (Bewertung von Schwei\u00dfprozessen nach EN ISO 3834-2) &#8211; Zertifikat Nr. 01 8610 PL\/A-200060.00 [PDF Herunterladen] DURCH DIE UMSETZUNG DER PROJEKTE HAT DAS UNTERNEHMEN DIE PRODUKTION VON TECHNOLOGISCHEN ANLAGEN, MASCHINEN UND GER\u00c4TEN AUF DEN WEG GEBRACHT, DIE AUF NATIONALER UND GLOBALER EBENE INNOVATIV SIND. Die in unserer Linie verarbeiteten Produkte haben h\u00f6here biophysikalisch-chemische Parameter. Ihre gesundheitlichen Eigenschaften, ihre Haltbarkeit, ihre Farbe, ihr Geschmack, ihr Geruch und ihre Beschaffenheit werden verbessert. Das Risiko von pathogenen Mikroorganismen wurde dank der verwendeten Hygienesysteme fast auf Null reduziert. Die eingeleiteten Entwicklungen werden weltweit vertrieben und die Unterst\u00fctzung der Europ\u00e4ischen Union erm\u00f6glichte Investitionen in die Forschungs- und Entwicklungsabteilung, in der an der Entwicklung weiterer innovativer L\u00f6sungen f\u00fcr die Lebensmittel-, Chemie- und Pharmaindustrie gearbeitet wird. Die Best\u00e4tigung f\u00fcr diese Aktivit\u00e4ten sind Dokumente, die vom Patentamt der Republik Polen erhalten wurden.\u00a0 Patentschrift f\u00fcr die Erfindung mit dem Titel &#8222;System f\u00fcr die Pasteurisierung von Halbmassenlebensmitteln&#8220; [PDF Herunterladen] Gebrauchsmuster-Patentdokument mit dem Titel &#8222;Einrichtung zum Entladen von Halbmassenprodukten&#8220; [PDF Herunterladen]<\/p>\n","protected":false},"author":1,"featured_media":0,"parent":0,"menu_order":0,"comment_status":"closed","ping_status":"closed","template":"","meta":{"_exactmetrics_skip_tracking":false,"_exactmetrics_sitenote_active":false,"_exactmetrics_sitenote_note":"","_exactmetrics_sitenote_category":0},"_links":{"self":[{"href":"https:\/\/krisstal.com.pl\/de\/wp-json\/wp\/v2\/pages\/583"}],"collection":[{"href":"https:\/\/krisstal.com.pl\/de\/wp-json\/wp\/v2\/pages"}],"about":[{"href":"https:\/\/krisstal.com.pl\/de\/wp-json\/wp\/v2\/types\/page"}],"author":[{"embeddable":true,"href":"https:\/\/krisstal.com.pl\/de\/wp-json\/wp\/v2\/users\/1"}],"replies":[{"embeddable":true,"href":"https:\/\/krisstal.com.pl\/de\/wp-json\/wp\/v2\/comments?post=583"}],"version-history":[{"count":18,"href":"https:\/\/krisstal.com.pl\/de\/wp-json\/wp\/v2\/pages\/583\/revisions"}],"predecessor-version":[{"id":643,"href":"https:\/\/krisstal.com.pl\/de\/wp-json\/wp\/v2\/pages\/583\/revisions\/643"}],"wp:attachment":[{"href":"https:\/\/krisstal.com.pl\/de\/wp-json\/wp\/v2\/media?parent=583"}],"curies":[{"name":"wp","href":"https:\/\/api.w.org\/{rel}","templated":true}]}}