{"id":363,"date":"2018-07-08T02:22:49","date_gmt":"2018-07-08T00:22:49","guid":{"rendered":"http:\/\/krisstal.com.pl\/?page_id=363"},"modified":"2021-09-27T14:58:25","modified_gmt":"2021-09-27T12:58:25","slug":"datenschutzerklarung","status":"publish","type":"page","link":"https:\/\/krisstal.com.pl\/de\/datenschutzerklarung\/","title":{"rendered":"Datenschutzerkl\u00e4rung"},"content":{"rendered":"<p style=\"text-align: center;\"><strong>Datenschutzerkl\u00e4rung der Website krisstal.com.pl (&#8222;Website&#8220;)<\/strong><br \/>\n(&#8222;Website&#8220;)<\/p>\n<p>Lieber Benutzer!<\/p>\n<p>Wir achten auf Ihre Privatsph\u00e4re und m\u00f6chten, dass Sie sich bei der Nutzung unserer Dienste wohl f\u00fchlen. Deshalb stellen wir Ihnen im Folgenden die wichtigsten Informationen \u00fcber die Grunds\u00e4tze unserer Verarbeitung Ihrer pers\u00f6nlichen Daten und die von unserem Dienst verwendeten Cookies zur Verf\u00fcgung. Diese Informationen wurden unter Ber\u00fccksichtigung der DSGVO, also der Allgemeinen Datenschutzverordnung, erstellt.<\/p>\n<p><strong>VERWALTER DER PERS\u00d6NLICHEN DATEN (&#8222;Verwalter&#8220;)<\/strong><br \/>\nPHU KRISSTAL Krzysztof Antosiak, 96-200 Rawa Mazowiecka, Nowy Kurzeszyn 5A<br \/>\nSteuernummer: 8351431178, statistische Unternehmernummer: 100373778<br \/>\nE-Mail: biuro@krisstal.com.pl<\/p>\n<p><strong>PERSONENBEZOGENE DATEN UND DATENSCHUTZ<\/strong><\/p>\n<p>Wenn Sie unsere Dienste in Anspruch nehmen m\u00f6chten, werden Sie gebeten, uns Ihre pers\u00f6nlichen Daten mitzuteilen. Ihre Daten werden von uns zu den unten angegebenen Zwecken verarbeitet, die mit dem Betrieb der Website und der Erbringung der darin angebotenen Dienstleistungen (&#8222;Dienstleistungen&#8220;) zusammenh\u00e4ngen.<\/p>\n<p><strong>Zweck der Verarbeitung<\/strong> &#8211; Je nachdem, wof\u00fcr Sie sich entscheiden, k\u00f6nnte dies sein:<\/p>\n<ul>\n<li>Bereitstellung der auf der Website angebotenen Dienste, z. B. Kontaktformularservice<\/li>\n<li>Direktmarketing f\u00fcr die angebotenen Dienste, mit Ausnahme des Newsletters<\/li>\n<li>Versenden eines Newsletters<\/li>\n<\/ul>\n<p><strong>Grundlage f\u00fcr die Verarbeitung:<\/strong><\/p>\n<ul>\n<li>Kaufvertrag oder Handlungen, die auf Ihr Ersuchen hin vorgenommen werden, um den Vertrag abzuschlie\u00dfen (Artikel 6 Absatz 1 Buchstabe b) DSGVO)<\/li>\n<li>Eine gesetzliche Verpflichtung f\u00fcr uns, z. B. im Zusammenhang mit der Rechnungslegung (Artikel 6 Absatz 1 Buchstabe c DSGVO)<\/li>\n<li>Ihre auf der Website erteilte Zustimmung (Artikel 6 Absatz 1 Buchstabe a DSGVO)<\/li>\n<li>Der Vertrag \u00fcber die Erbringung von Dienstleistungen oder die auf Ihren Antrag hin unternommenen Schritte zum Abschluss eines solchen Vertrags (Artikel 6 Absatz 1 Buchstabe b DSGVO)<\/li>\n<li>Unser berechtigtes Interesse an der Verarbeitung der Daten zur Feststellung, Geltendmachung oder Verteidigung etwaiger Anspr\u00fcche (Artikel 6 Absatz 1 Buchstabe f) DSGVO)<\/li>\n<li>Unser berechtigtes Interesse an der Durchf\u00fchrung von Direktmarketing (Artikel 6 Absatz 1 Buchstabe f DSGVO)<\/li>\n<li>Unser berechtigtes Interesse an der Verarbeitung von Daten zu analytischen und statistischen Zwecken (Artikel 6 Absatz 1 Buchstabe f) DSGVO)<\/li>\n<li>Unser berechtigtes Interesse an der Erhebung der Kundenzufriedenheit (Artikel 6 Absatz 1 Buchstabe f DSGVO)<\/li>\n<\/ul>\n<p><strong>Bereitstellung von Daten:<\/strong><\/p>\n<p>Freiwillig, aber in einigen F\u00e4llen kann es notwendig sein, um Dienstleistungen zu erbringen, z. B. um eine Frage zu beantworten, die \u00fcber ein Kontaktformular gesendet wurde.<\/p>\n<p><strong>Auswirkungen der Nichtbereitstellung der Daten:<\/strong><\/p>\n<p>Je nach dem Zweck, f\u00fcr den die Daten bereitgestellt werden:<\/p>\n<ul>\n<li>die Unf\u00e4higkeit, die Dienste der Website zu nutzen,<\/li>\n<li>nicht in der Lage zu sein, Informationen \u00fcber Werbeaktionen oder Sonderangebote zu erhalten.<\/li>\n<\/ul>\n<p><strong>M\u00f6glichkeit des Widerrufs der Zustimmung:<\/strong><\/p>\n<ul>\n<li>jederzeit<\/li>\n<\/ul>\n<p>Die Verarbeitung bleibt rechtm\u00e4\u00dfig, bis Sie Ihre Einwilligung widerrufen.<\/p>\n<p><strong>VERARBEITUNGSZEITRAUM<\/strong><\/p>\n<p>Wir werden Ihre Daten nur so lange verarbeiten, wie wir eine rechtliche Grundlage daf\u00fcr haben, n\u00e4mlich:<\/p>\n<ul>\n<li>wir sind nicht mehr gesetzlich verpflichtet, Ihre Daten zu verarbeiten<\/li>\n<li>die M\u00f6glichkeit der Feststellung, Geltendmachung oder Abwehr etwaiger Anspr\u00fcche im Zusammenhang mit dem vom Dienst geschlossenen Vertrag durch die Parteien entf\u00e4llt<\/li>\n<li>Sie widerrufen ihre Einwilligung in die Verarbeitung Ihrer Daten, wenn diese auf folgender Grundlage erfolgte<\/li>\n<li>ihrem Widerspruch gegen die Verarbeitung Ihrer personenbezogenen Daten wird stattgegeben, wenn die Verarbeitung auf einem berechtigten Interesse des f\u00fcr die Verarbeitung Verantwortlichen beruht oder wenn die Daten zu Zwecken der Direktwerbung verarbeitet wurden<\/li>\n<\/ul>\n<p>&#8211; je nachdem, welcher Fall zutrifft und welcher Zeitpunkt der letzte ist.<\/p>\n<p><strong>DATENSICHERHEIT<\/strong><\/p>\n<p>Bei der Verarbeitung Ihrer personenbezogenen Daten wenden wir organisatorische und technische Ma\u00dfnahmen an, die den einschl\u00e4gigen Rechtsvorschriften entsprechen.<\/p>\n<p><strong>IHRE RECHTE<\/strong><\/p>\n<p>Sie haben das Recht,<\/p>\n<ul>\n<li>Zugang zu Ihren pers\u00f6nlichen Daten,<\/li>\n<li>ihre Berichtigung,<\/li>\n<li>ihre L\u00f6schung,<\/li>\n<li>Einschr\u00e4nkung ihrer Verarbeitung,<\/li>\n<li>\u00dcbermittlung von Daten an einen anderen Verwalter zu fordern<\/li>\n<\/ul>\n<p>und au\u00dferdem:<\/p>\n<ul>\n<li>der Verarbeitung Ihrer Daten jederzeit:\n<ul>\n<li>aus Gr\u00fcnden, die sich aus Ihrer besonderen Situation ergeben, zu widersprechen &#8211; angesichts der Verarbeitung Sie betreffender personenbezogener Daten auf der Grundlage von Artikel 6 Absatz 1 Buchstabe f DSGVO (d. h. auf der Grundlage der von dem Verwalter verfolgten berechtigten Interessen),<\/li>\n<li>wenn personenbezogene Daten zum Zwecke des Direktmarketings verarbeitet werden, soweit die Verarbeitung mit diesem Direktmarketing zusammenh\u00e4ngt.<\/li>\n<\/ul>\n<\/li>\n<\/ul>\n<p>Nehmen Sie Kontakt mit uns auf, wenn Sie Ihre Rechte wahrnehmen m\u00f6chten. Wenn Sie der Ansicht sind, dass die Verarbeitung Ihrer Daten unrechtm\u00e4\u00dfig ist, k\u00f6nnen Sie eine Beschwerde bei der Aufsichtsbeh\u00f6rde einreichen.<\/p>\n<p><strong>COOKIES<\/strong><\/p>\n<p>Unsere Website verwendet, wie die meisten Websites, so genannte Cookies. Diese Dateien:<\/p>\n<ul>\n<li>werden im Speicher Ihres Ger\u00e4ts (Computer, Telefon usw.) gespeichert<\/li>\n<li>Erm\u00f6glichen Ihnen unter anderem die Nutzung aller Funktionen der Website<\/li>\n<li>\u00e4ndern keine Einstellungen Ihres Ger\u00e4ts<\/li>\n<\/ul>\n<p>\u00dcber die entsprechenden Optionen Ihres Browsers k\u00f6nnen Sie jederzeit:<\/p>\n<ul>\n<li>Cookies l\u00f6schen<\/li>\n<li>die k\u00fcnftige Verwendung von Cookies blockieren<\/li>\n<\/ul>\n<p>Auf dieser Website werden Cookies f\u00fcr:<\/p>\n<ul>\n<li>Speichern der Informationen zu Ihrer Sitzung<\/li>\n<li>statistische und<\/li>\n<li>Marketingziele<\/li>\n<li>Bereitstellung der Funktionalit\u00e4ten der Website verwendet.<\/li>\n<\/ul>\n<p>In der Hilfedatei Ihres Browsers k\u00f6nnen Sie nachlesen, wie Sie Cookies verwalten k\u00f6nnen und wie Sie sie in Ihrem Browser deaktivieren k\u00f6nnen. Sie k\u00f6nnen mehr dar\u00fcber lesen, wenn Sie in Ihrem Browser F1 dr\u00fccken. Je nachdem, welchen Browser Sie verwenden, finden Sie auf den folgenden Seiten au\u00dferdem entsprechende Tipps:<\/p>\n<ul>\n<li>Firefox<\/li>\n<li>Chrome<\/li>\n<li>Safari<\/li>\n<li>Internet Explorer \/ Microsoft Edge<\/li>\n<\/ul>\n<p>Weitere Informationen \u00fcber Cookies finden Sie bei Wikipedia.<\/p>\n<p><strong>EXTERNE DIENSTE \/ DATENEMPF\u00c4NGER<\/strong><\/p>\n<p>Wir bedienen uns Dritter, an die Ihre Daten weitergegeben werden k\u00f6nnen. Nachstehend finden Sie eine Liste der m\u00f6glichen Empf\u00e4nger Ihrer Daten:<\/p>\n<ul>\n<li>Hostingdienstleister<br \/>\nkylos.pl Kylos sp. z o.o., ul. Wr\u00f3blewskiego 18, 93-578 \u0141\u00f3d\u017a, Steuernummer: 947-196-00-52<br \/>\nstatistische Unternehmernummer: 100635787<br \/>\nNationales Gerichtsregister: 0000496957<\/li>\n<li>Marketingdienstleister Google Ireland Limited, Gordon House, Barrow Street Dublin 4, Irland Ust.Id.-Nr.: IE6388047V<\/li>\n<li>Anbieter von statistischen Dienstleistungen Google Ireland Limited, Gordon House, Barrow Street Dublin 4, Irland Ust.Id.-Nr.: IE6388047V<\/li>\n<li>die zust\u00e4ndigen Beh\u00f6rden, soweit der Verwalter verpflichtet ist, ihnen die Daten zur Verf\u00fcgung zu stellen<\/li>\n<\/ul>\n<p><strong>KONTAKT MIT DEM VERWALTER<\/strong><\/p>\n<p>M\u00f6chten Sie Ihre Rechte in Bezug auf Ihre personenbezogenen Daten wahrnehmen?<br \/>\nOder m\u00f6chten Sie vielleicht nur eine Frage zu unserer Datenschutzpolitik stellen?<\/p>\n<p>Bei Fragen und Zweifeln, die insbesondere die Datenschutzpolitik und die Nutzung der Website betreffen, wenden Sie sich bitte an uns, indem Sie das auf der Website unter der Registerkarte &#8222;Kontakt&#8220; verf\u00fcgbare Kontaktformular verwenden. Datum der Ver\u00f6ffentlichung der Datenschutzpolitik 01.07.2018.<\/p>\n","protected":false},"excerpt":{"rendered":"<p>Datenschutzerkl\u00e4rung der Website krisstal.com.pl (&#8222;Website&#8220;) (&#8222;Website&#8220;) Lieber Benutzer! Wir achten auf Ihre Privatsph\u00e4re und m\u00f6chten, dass Sie sich bei der Nutzung unserer Dienste wohl f\u00fchlen. Deshalb stellen wir Ihnen im Folgenden die wichtigsten Informationen \u00fcber die Grunds\u00e4tze unserer Verarbeitung Ihrer pers\u00f6nlichen Daten und die von unserem Dienst verwendeten Cookies zur Verf\u00fcgung. Diese Informationen wurden unter Ber\u00fccksichtigung der DSGVO, also der Allgemeinen Datenschutzverordnung, erstellt. VERWALTER DER PERS\u00d6NLICHEN DATEN (&#8222;Verwalter&#8220;) PHU KRISSTAL Krzysztof Antosiak, 96-200 Rawa Mazowiecka, Nowy Kurzeszyn 5A Steuernummer: 8351431178, statistische Unternehmernummer: 100373778 E-Mail: biuro@krisstal.com.pl PERSONENBEZOGENE DATEN UND DATENSCHUTZ Wenn Sie unsere Dienste in Anspruch nehmen m\u00f6chten, werden Sie gebeten, uns Ihre pers\u00f6nlichen Daten mitzuteilen. Ihre Daten werden von uns zu den unten angegebenen Zwecken verarbeitet, die mit dem Betrieb der Website und der Erbringung der darin angebotenen Dienstleistungen (&#8222;Dienstleistungen&#8220;) zusammenh\u00e4ngen. Zweck der Verarbeitung &#8211; Je nachdem, wof\u00fcr Sie sich entscheiden, k\u00f6nnte dies sein: Bereitstellung der auf der Website angebotenen Dienste, z. B. Kontaktformularservice Direktmarketing f\u00fcr die angebotenen Dienste, mit Ausnahme des Newsletters Versenden eines Newsletters Grundlage f\u00fcr die Verarbeitung: Kaufvertrag oder Handlungen, die auf Ihr Ersuchen hin vorgenommen werden, um den Vertrag abzuschlie\u00dfen (Artikel 6 Absatz 1 Buchstabe b) DSGVO) Eine gesetzliche Verpflichtung f\u00fcr uns, z. B. im Zusammenhang mit der Rechnungslegung (Artikel 6 Absatz 1 Buchstabe c DSGVO) Ihre auf der Website erteilte Zustimmung (Artikel 6 Absatz 1 Buchstabe a DSGVO) Der Vertrag \u00fcber die Erbringung von Dienstleistungen oder die auf Ihren Antrag hin unternommenen Schritte zum Abschluss eines solchen Vertrags (Artikel 6 Absatz 1 Buchstabe b DSGVO) Unser berechtigtes Interesse an der Verarbeitung der Daten zur Feststellung, Geltendmachung oder Verteidigung etwaiger Anspr\u00fcche (Artikel 6 Absatz 1 Buchstabe f) DSGVO) Unser berechtigtes Interesse an der Durchf\u00fchrung von Direktmarketing (Artikel 6 Absatz 1 Buchstabe f DSGVO) Unser berechtigtes Interesse an der Verarbeitung von Daten zu analytischen und statistischen Zwecken (Artikel 6 Absatz 1 Buchstabe f) DSGVO) Unser berechtigtes Interesse an der Erhebung der Kundenzufriedenheit (Artikel 6 Absatz 1 Buchstabe f DSGVO) Bereitstellung von Daten: Freiwillig, aber in einigen F\u00e4llen kann es notwendig sein, um Dienstleistungen zu erbringen, z. B. um eine Frage zu beantworten, die \u00fcber ein Kontaktformular gesendet wurde. Auswirkungen der Nichtbereitstellung der Daten: Je nach dem Zweck, f\u00fcr den die Daten bereitgestellt werden: die Unf\u00e4higkeit, die Dienste der Website zu nutzen, nicht in der Lage zu sein, Informationen \u00fcber Werbeaktionen oder Sonderangebote zu erhalten. M\u00f6glichkeit des Widerrufs der Zustimmung: jederzeit Die Verarbeitung bleibt rechtm\u00e4\u00dfig, bis Sie Ihre Einwilligung widerrufen. VERARBEITUNGSZEITRAUM Wir werden Ihre Daten nur so lange verarbeiten, wie wir eine rechtliche Grundlage daf\u00fcr haben, n\u00e4mlich: wir sind nicht mehr gesetzlich verpflichtet, Ihre Daten zu verarbeiten die M\u00f6glichkeit der Feststellung, Geltendmachung oder Abwehr etwaiger Anspr\u00fcche im Zusammenhang mit dem vom Dienst geschlossenen Vertrag durch die Parteien entf\u00e4llt Sie widerrufen ihre Einwilligung in die Verarbeitung Ihrer Daten, wenn diese auf folgender Grundlage erfolgte ihrem Widerspruch gegen die Verarbeitung Ihrer personenbezogenen Daten wird stattgegeben, wenn die Verarbeitung auf einem berechtigten Interesse des f\u00fcr die Verarbeitung Verantwortlichen beruht oder wenn die Daten zu Zwecken der Direktwerbung verarbeitet wurden &#8211; je nachdem, welcher Fall zutrifft und welcher Zeitpunkt der letzte ist. DATENSICHERHEIT Bei der Verarbeitung Ihrer personenbezogenen Daten wenden wir organisatorische und technische Ma\u00dfnahmen an, die den einschl\u00e4gigen Rechtsvorschriften entsprechen. IHRE RECHTE Sie haben das Recht, Zugang zu Ihren pers\u00f6nlichen Daten, ihre Berichtigung, ihre L\u00f6schung, Einschr\u00e4nkung ihrer Verarbeitung, \u00dcbermittlung von Daten an einen anderen Verwalter zu fordern und au\u00dferdem: der Verarbeitung Ihrer Daten jederzeit: aus Gr\u00fcnden, die sich aus Ihrer besonderen Situation ergeben, zu widersprechen &#8211; angesichts der Verarbeitung Sie betreffender personenbezogener Daten auf der Grundlage von Artikel 6 Absatz 1 Buchstabe f DSGVO (d. h. auf der Grundlage der von dem Verwalter verfolgten berechtigten Interessen), wenn personenbezogene Daten zum Zwecke des Direktmarketings verarbeitet werden, soweit die Verarbeitung mit diesem Direktmarketing zusammenh\u00e4ngt. Nehmen Sie Kontakt mit uns auf, wenn Sie Ihre Rechte wahrnehmen m\u00f6chten. Wenn Sie der Ansicht sind, dass die Verarbeitung Ihrer Daten unrechtm\u00e4\u00dfig ist, k\u00f6nnen Sie eine Beschwerde bei der Aufsichtsbeh\u00f6rde einreichen. COOKIES Unsere Website verwendet, wie die meisten Websites, so genannte Cookies. Diese Dateien: werden im Speicher Ihres Ger\u00e4ts (Computer, Telefon usw.) gespeichert Erm\u00f6glichen Ihnen unter anderem die Nutzung aller Funktionen der Website \u00e4ndern keine Einstellungen Ihres Ger\u00e4ts \u00dcber die entsprechenden Optionen Ihres Browsers k\u00f6nnen Sie jederzeit: Cookies l\u00f6schen die k\u00fcnftige Verwendung von Cookies blockieren Auf dieser Website werden Cookies f\u00fcr: Speichern der Informationen zu Ihrer Sitzung statistische und Marketingziele Bereitstellung der Funktionalit\u00e4ten der Website verwendet. In der Hilfedatei Ihres Browsers k\u00f6nnen Sie nachlesen, wie Sie Cookies verwalten k\u00f6nnen und wie Sie sie in Ihrem Browser deaktivieren k\u00f6nnen. Sie k\u00f6nnen mehr dar\u00fcber lesen, wenn Sie in Ihrem Browser F1 dr\u00fccken. Je nachdem, welchen Browser Sie verwenden, finden Sie auf den folgenden Seiten au\u00dferdem entsprechende Tipps: Firefox Chrome Safari Internet Explorer \/ Microsoft Edge Weitere Informationen \u00fcber Cookies finden Sie bei Wikipedia. EXTERNE DIENSTE \/ DATENEMPF\u00c4NGER Wir bedienen uns Dritter, an die Ihre Daten weitergegeben werden k\u00f6nnen. Nachstehend finden Sie eine Liste der m\u00f6glichen Empf\u00e4nger Ihrer Daten: Hostingdienstleister kylos.pl Kylos sp. z o.o., ul. Wr\u00f3blewskiego 18, 93-578 \u0141\u00f3d\u017a, Steuernummer: 947-196-00-52 statistische Unternehmernummer: 100635787 Nationales Gerichtsregister: 0000496957 Marketingdienstleister Google Ireland Limited, Gordon House, Barrow Street Dublin 4, Irland Ust.Id.-Nr.: IE6388047V Anbieter von statistischen Dienstleistungen Google Ireland Limited, Gordon House, Barrow Street Dublin 4, Irland Ust.Id.-Nr.: IE6388047V die zust\u00e4ndigen Beh\u00f6rden, soweit der Verwalter verpflichtet ist, ihnen die Daten zur Verf\u00fcgung zu stellen KONTAKT MIT DEM VERWALTER M\u00f6chten Sie Ihre Rechte in Bezug auf Ihre personenbezogenen Daten wahrnehmen? Oder m\u00f6chten Sie vielleicht nur eine Frage zu unserer Datenschutzpolitik stellen? Bei Fragen und Zweifeln, die insbesondere die Datenschutzpolitik und die Nutzung der Website betreffen, wenden Sie sich bitte an uns, indem Sie das auf der Website unter der Registerkarte &#8222;Kontakt&#8220; verf\u00fcgbare Kontaktformular verwenden. Datum der Ver\u00f6ffentlichung der Datenschutzpolitik 01.07.2018.<\/p>\n","protected":false},"author":1,"featured_media":0,"parent":0,"menu_order":0,"comment_status":"closed","ping_status":"closed","template":"","meta":{"_exactmetrics_skip_tracking":false,"_exactmetrics_sitenote_active":false,"_exactmetrics_sitenote_note":"","_exactmetrics_sitenote_category":0},"_links":{"self":[{"href":"https:\/\/krisstal.com.pl\/de\/wp-json\/wp\/v2\/pages\/363"}],"collection":[{"href":"https:\/\/krisstal.com.pl\/de\/wp-json\/wp\/v2\/pages"}],"about":[{"href":"https:\/\/krisstal.com.pl\/de\/wp-json\/wp\/v2\/types\/page"}],"author":[{"embeddable":true,"href":"https:\/\/krisstal.com.pl\/de\/wp-json\/wp\/v2\/users\/1"}],"replies":[{"embeddable":true,"href":"https:\/\/krisstal.com.pl\/de\/wp-json\/wp\/v2\/comments?post=363"}],"version-history":[{"count":4,"href":"https:\/\/krisstal.com.pl\/de\/wp-json\/wp\/v2\/pages\/363\/revisions"}],"predecessor-version":[{"id":651,"href":"https:\/\/krisstal.com.pl\/de\/wp-json\/wp\/v2\/pages\/363\/revisions\/651"}],"wp:attachment":[{"href":"https:\/\/krisstal.com.pl\/de\/wp-json\/wp\/v2\/media?parent=363"}],"curies":[{"name":"wp","href":"https:\/\/api.w.org\/{rel}","templated":true}]}}