{"id":29,"date":"2017-02-21T21:09:41","date_gmt":"2017-02-21T21:09:41","guid":{"rendered":"http:\/\/themes.uxbarn.com\/wp\/alvar-dummy\/?page_id=29"},"modified":"2021-09-27T15:24:26","modified_gmt":"2021-09-27T13:24:26","slug":"uber-uns","status":"publish","type":"page","link":"https:\/\/krisstal.com.pl\/de\/uber-uns\/","title":{"rendered":"\u00dcber uns"},"content":{"rendered":"<p>PHU KRISSTAL wurde im Jahr 2007 gegr\u00fcndet und ist seit 12 Jahren ein zuverl\u00e4ssiger Partner f\u00fcr viele Bauunternehmen. Jedes Jahr unserer T\u00e4tigkeit war von einer dynamischen Entwicklung und einer innovativen Herangehensweise an die Bed\u00fcrfnisse des Marktes gepr\u00e4gt. Durch kluge Investitionen in neue Technologien und fortlaufende Innovationen konnten wir uns nicht nur an die Bed\u00fcrfnisse des Marktes anpassen, sondern auch neue Standards setzen.<\/p>\n<p>Wir sind ein Unternehmen, das sich auf die Herstellung und die Montage der Maschinen und Ausr\u00fcstungen aus s\u00e4urebest\u00e4ndigem Stahl f\u00fcr die Lebensmittelindustrie, das Laserschneiden von verschiedenen Metallen: s\u00e4urebest\u00e4ndig, strukturell, Aluminium, Kupfer und viele andere bis zu einer maximalen Dicke von 20 mm, das Biegen auf einer CNC-Abkantpresse bis zu 12 mm, das Biegen von Winkelst\u00fccken auf einer CNC-Dornbiegemaschine, das Schwei\u00dfen, das Fr\u00e4sen, das Drehen und das Wickeln von Blechen spezialisiert. Wir sind auch auf die Herstellung von Rohrsystemen f\u00fcr den Transport von Produkten und Maschinen f\u00fcr die Herstellung von Saucen, Marmeladen, Konfit\u00fcren, Cremes, Schokolade &#8211; Zerkleinerer, Mischer, Pasteurisierungsanlagen, Abf\u00fcllanlagen, K\u00fchltunnel, Heiztunnel, Verpackungsanlagen f\u00fcr Fertigprodukte, Tunnelwaschanlagen f\u00fcr Beh\u00e4lter, F\u00e4sser, Palettencontainer, Waschanlagen f\u00fcr Weichobst, Hartobst und vieles mehr spezialisiert. Wir bieten auch Reparaturen und Renovierungen von verschiedenen Arten von Produktionsmaschinen und s\u00e4urebest\u00e4ndigen Konstruktionen an.<\/p>\n<hr \/>\n<h6>\u00a0<\/h6>\n<h6 style=\"text-align: center;\">UNSERE PARTNER<\/h6>\n\n\t\t<style>\n\t\t\t#wpls-logo-showcase-slider-1 .wpls-fix-box,\n\t\t\t#wpls-logo-showcase-slider-1 .wpls-fix-box img.wp-post-image{max-height:250px; }\n\t\t<\/style>\n\n\t\t<div class=\"wpls-wrap wpls-logo-showcase-slider-wrp wpls-logo-clearfix wpls-design-1 \" data-conf=\"{&quot;slides_column&quot;:&quot;2&quot;,&quot;slides_scroll&quot;:1,&quot;dots&quot;:&quot;true&quot;,&quot;arrows&quot;:&quot;true&quot;,&quot;autoplay&quot;:&quot;true&quot;,&quot;autoplay_interval&quot;:3000,&quot;loop&quot;:&quot;true&quot;,&quot;rtl&quot;:&quot;false&quot;,&quot;speed&quot;:800,&quot;center_mode&quot;:&quot;false&quot;,&quot;lazyload&quot;:&quot;&quot;}\">\n\t\t\t<div class=\"wpls-logo-showcase logo_showcase wpls-logo-slider  sliderimage_hide_border \" id=\"wpls-logo-showcase-slider-1\" >\n\t\t\t\t<div class=\"wpls-logo-cnt\">\n\t<div class=\"wpls-fix-box\">\n\t\t\t\t<img class=\"wp-post-image\"  src=\"https:\/\/krisstal.com.pl\/de\/wp-content\/uploads\/2018\/07\/develey.png\" alt=\"\" \/>\n\t\t\t<\/div>\n\t<\/div><div class=\"wpls-logo-cnt\">\n\t<div class=\"wpls-fix-box\">\n\t\t\t\t<img class=\"wp-post-image\"  src=\"https:\/\/krisstal.com.pl\/de\/wp-content\/uploads\/2018\/07\/wedel.png\" alt=\"\" \/>\n\t\t\t<\/div>\n\t<\/div><div class=\"wpls-logo-cnt\">\n\t<div class=\"wpls-fix-box\">\n\t\t\t\t<img class=\"wp-post-image\"  src=\"https:\/\/krisstal.com.pl\/de\/wp-content\/uploads\/2018\/07\/polfa.png\" alt=\"\" \/>\n\t\t\t<\/div>\n\t<\/div><div class=\"wpls-logo-cnt\">\n\t<div class=\"wpls-fix-box\">\n\t\t\t\t<img class=\"wp-post-image\"  src=\"https:\/\/krisstal.com.pl\/de\/wp-content\/uploads\/2018\/07\/urbanek.png\" alt=\"\" \/>\n\t\t\t<\/div>\n\t<\/div><div class=\"wpls-logo-cnt\">\n\t<div class=\"wpls-fix-box\">\n\t\t\t\t<img class=\"wp-post-image\"  src=\"https:\/\/krisstal.com.pl\/de\/wp-content\/uploads\/2018\/07\/uds.png\" alt=\"\" \/>\n\t\t\t<\/div>\n\t<\/div><div class=\"wpls-logo-cnt\">\n\t<div class=\"wpls-fix-box\">\n\t\t\t\t<img class=\"wp-post-image\"  src=\"https:\/\/krisstal.com.pl\/de\/wp-content\/uploads\/2018\/07\/agrosnova.png\" alt=\"\" \/>\n\t\t\t<\/div>\n\t<\/div><div class=\"wpls-logo-cnt\">\n\t<div class=\"wpls-fix-box\">\n\t\t\t\t<img class=\"wp-post-image\"  src=\"https:\/\/krisstal.com.pl\/de\/wp-content\/uploads\/2018\/07\/foodservice.png\" alt=\"\" \/>\n\t\t\t<\/div>\n\t<\/div><div class=\"wpls-logo-cnt\">\n\t<div class=\"wpls-fix-box\">\n\t\t\t\t<img class=\"wp-post-image\"  src=\"https:\/\/krisstal.com.pl\/de\/wp-content\/uploads\/2018\/07\/neumo2.png\" alt=\"\" \/>\n\t\t\t<\/div>\n\t<\/div><div class=\"wpls-logo-cnt\">\n\t<div class=\"wpls-fix-box\">\n\t\t\t\t<img class=\"wp-post-image\"  src=\"https:\/\/krisstal.com.pl\/de\/wp-content\/uploads\/2021\/07\/pentagon.jpg\" alt=\"\" \/>\n\t\t\t<\/div>\n\t<\/div><div class=\"wpls-logo-cnt\">\n\t<div class=\"wpls-fix-box\">\n\t\t\t\t<img class=\"wp-post-image\"  src=\"https:\/\/krisstal.com.pl\/de\/wp-content\/uploads\/2021\/07\/arcelor.jpg\" alt=\"\" \/>\n\t\t\t<\/div>\n\t<\/div><div class=\"wpls-logo-cnt\">\n\t<div class=\"wpls-fix-box\">\n\t\t\t\t<img class=\"wp-post-image\"  src=\"https:\/\/krisstal.com.pl\/de\/wp-content\/uploads\/2021\/07\/generiks.jpg\" alt=\"\" \/>\n\t\t\t<\/div>\n\t<\/div><div class=\"wpls-logo-cnt\">\n\t<div class=\"wpls-fix-box\">\n\t\t\t\t<img class=\"wp-post-image\"  src=\"https:\/\/krisstal.com.pl\/de\/wp-content\/uploads\/2021\/07\/greektrade.jpg\" alt=\"\" \/>\n\t\t\t<\/div>\n\t<\/div>\t\t\t<\/div>\n\t\t<\/div>\n\n\t\t\n<hr \/>\n\n\n<p><\/p>\n","protected":false},"excerpt":{"rendered":"<p>PHU KRISSTAL wurde im Jahr 2007 gegr\u00fcndet und ist seit 12 Jahren ein zuverl\u00e4ssiger Partner f\u00fcr viele Bauunternehmen. Jedes Jahr unserer T\u00e4tigkeit war von einer dynamischen Entwicklung und einer innovativen Herangehensweise an die Bed\u00fcrfnisse des Marktes gepr\u00e4gt. Durch kluge Investitionen in neue Technologien und fortlaufende Innovationen konnten wir uns nicht nur an die Bed\u00fcrfnisse des Marktes anpassen, sondern auch neue Standards setzen. Wir sind ein Unternehmen, das sich auf die Herstellung und die Montage der Maschinen und Ausr\u00fcstungen aus s\u00e4urebest\u00e4ndigem Stahl f\u00fcr die Lebensmittelindustrie, das Laserschneiden von verschiedenen Metallen: s\u00e4urebest\u00e4ndig, strukturell, Aluminium, Kupfer und viele andere bis zu einer maximalen Dicke von 20 mm, das Biegen auf einer CNC-Abkantpresse bis zu 12 mm, das Biegen von Winkelst\u00fccken auf einer CNC-Dornbiegemaschine, das Schwei\u00dfen, das Fr\u00e4sen, das Drehen und das Wickeln von Blechen spezialisiert. Wir sind auch auf die Herstellung von Rohrsystemen f\u00fcr den Transport von Produkten und Maschinen f\u00fcr die Herstellung von Saucen, Marmeladen, Konfit\u00fcren, Cremes, Schokolade &#8211; Zerkleinerer, Mischer, Pasteurisierungsanlagen, Abf\u00fcllanlagen, K\u00fchltunnel, Heiztunnel, Verpackungsanlagen f\u00fcr Fertigprodukte, Tunnelwaschanlagen f\u00fcr Beh\u00e4lter, F\u00e4sser, Palettencontainer, Waschanlagen f\u00fcr Weichobst, Hartobst und vieles mehr spezialisiert. Wir bieten auch Reparaturen und Renovierungen von verschiedenen Arten von Produktionsmaschinen und s\u00e4urebest\u00e4ndigen Konstruktionen an. \u00a0 UNSERE PARTNER<\/p>\n","protected":false},"author":1,"featured_media":345,"parent":0,"menu_order":0,"comment_status":"closed","ping_status":"closed","template":"","meta":{"_exactmetrics_skip_tracking":false,"_exactmetrics_sitenote_active":false,"_exactmetrics_sitenote_note":"","_exactmetrics_sitenote_category":0},"_links":{"self":[{"href":"https:\/\/krisstal.com.pl\/de\/wp-json\/wp\/v2\/pages\/29"}],"collection":[{"href":"https:\/\/krisstal.com.pl\/de\/wp-json\/wp\/v2\/pages"}],"about":[{"href":"https:\/\/krisstal.com.pl\/de\/wp-json\/wp\/v2\/types\/page"}],"author":[{"embeddable":true,"href":"https:\/\/krisstal.com.pl\/de\/wp-json\/wp\/v2\/users\/1"}],"replies":[{"embeddable":true,"href":"https:\/\/krisstal.com.pl\/de\/wp-json\/wp\/v2\/comments?post=29"}],"version-history":[{"count":27,"href":"https:\/\/krisstal.com.pl\/de\/wp-json\/wp\/v2\/pages\/29\/revisions"}],"predecessor-version":[{"id":653,"href":"https:\/\/krisstal.com.pl\/de\/wp-json\/wp\/v2\/pages\/29\/revisions\/653"}],"wp:featuredmedia":[{"embeddable":true,"href":"https:\/\/krisstal.com.pl\/de\/wp-json\/wp\/v2\/media\/345"}],"wp:attachment":[{"href":"https:\/\/krisstal.com.pl\/de\/wp-json\/wp\/v2\/media?parent=29"}],"curies":[{"name":"wp","href":"https:\/\/api.w.org\/{rel}","templated":true}]}}